{"id":77,"date":"2015-04-29T17:16:35","date_gmt":"2015-04-29T16:16:35","guid":{"rendered":"http:\/\/localhost\/bastide\/?page_id=77"},"modified":"2025-02-19T11:38:32","modified_gmt":"2025-02-19T10:38:32","slug":"tarifs","status":"publish","type":"page","link":"https:\/\/www.labastidedesruffes.fr\/index.php\/tarifs\/","title":{"rendered":"Tarifs"},"content":{"rendered":"[et_pb_section fb_built=\u00a0\u00bb1&Prime; fullwidth=\u00a0\u00bbon\u00a0\u00bb _builder_version=\u00a0\u00bb4.4.1&Prime;][et_pb_fullwidth_image src=\u00a0\u00bbhttp:\/\/www.labastidedesruffes.fr\/wp-content\/uploads\/2020\/07\/viaduc_millau_presentation-1.png\u00a0\u00bb _builder_version=\u00a0\u00bb4.4.1&Prime;][\/et_pb_fullwidth_image][\/et_pb_section][et_pb_section fb_built=\u00a0\u00bb1&Prime; admin_label=\u00a0\u00bbsection\u00a0\u00bb _builder_version=\u00a0\u00bb3.22&Prime; custom_margin=\u00a0\u00bb||-3px|||\u00a0\u00bb custom_padding=\u00a0\u00bb0px|||||\u00a0\u00bb][et_pb_row _builder_version=\u00a0\u00bb4.4.1&Prime; column_structure=\u00a0\u00bb1_3,1_3,1_3&Prime; width=\u00a0\u00bb80%\u00a0\u00bb hover_enabled=\u00a0\u00bb0&Prime; custom_margin=\u00a0\u00bb50px||||false|false\u00a0\u00bb][et_pb_column _builder_version=\u00a0\u00bb4.4.1&Prime; type=\u00a0\u00bb1_3&Prime;][et_pb_text _builder_version=\u00a0\u00bb4.4.1&Prime; text_orientation=\u00a0\u00bbcenter\u00a0\u00bb hover_enabled=\u00a0\u00bb0&Prime; custom_margin=\u00a0\u00bb||30px||false|false\u00a0\u00bb admin_label=\u00a0\u00bbWEEK-END\u00a0\u00bb header_2_font_size=\u00a0\u00bb45px\u00a0\u00bb height=\u00a0\u00bb50px\u00a0\u00bb]\n<h2 style=\"line-height: 25px;\">WEEK-END<\/h2>\n<p>hors juillet\/ao\u00fbt<\/p>\n[\/et_pb_text][et_pb_text _builder_version=\u00a0\u00bb4.4.1&Prime; text_orientation=\u00a0\u00bbcenter\u00a0\u00bb border_color_all=\u00a0\u00bb#262626&Prime; border_width_all=\u00a0\u00bb4px\u00a0\u00bb border_radii=\u00a0\u00bbon|4px|4px|4px|4px\u00a0\u00bb custom_padding=\u00a0\u00bb20px|20px|20px|20px|true|true\u00a0\u00bb custom_margin=\u00a0\u00bb0px||||false|false\u00a0\u00bb hover_enabled=\u00a0\u00bb0&Prime; text_font_size=\u00a0\u00bb16px\u00a0\u00bb box_shadow_style=\u00a0\u00bbpreset3&Prime; animation_style=\u00a0\u00bbslide\u00a0\u00bb]\n<p style=\"padding-bottom: 50px;\">Tarif pour 1 personne<\/p>\n<p><span style=\"color: #ffcc00; font-size: 75px;\">35\u20ac<\/span> \/nuit<br \/>\nsoit 70\u20ac le week-end<\/p>\n<p style=\"text-align: left; padding-bottom: 0px;\"><strong>D\u00e9tails :<\/strong><\/p>\n<ul>\n<li style=\"text-align: left; padding-top: 0px;\">De 14 \u00e0 26 personnes<\/li>\n<li style=\"text-align: left; padding-top: 0px;\">Minimum 2 nuits<\/li>\n<\/ul>\n[\/et_pb_text][\/et_pb_column][et_pb_column _builder_version=\u00a0\u00bb4.4.1&Prime; type=\u00a0\u00bb1_3&Prime;][et_pb_text _builder_version=\u00a0\u00bb4.4.1&Prime; text_orientation=\u00a0\u00bbcenter\u00a0\u00bb hover_enabled=\u00a0\u00bb0&Prime; custom_margin=\u00a0\u00bb||30px||false|false\u00a0\u00bb admin_label=\u00a0\u00bbJUILLET\u00a0\u00bb header_2_font_size=\u00a0\u00bb45px\u00a0\u00bb height=\u00a0\u00bb50px\u00a0\u00bb]\n<h2 style=\"line-height: 10px;\">JUILLET<\/h2>\n[\/et_pb_text][et_pb_text _builder_version=\u00a0\u00bb4.4.1&Prime; text_orientation=\u00a0\u00bbcenter\u00a0\u00bb border_color_all=\u00a0\u00bb#262626&Prime; border_width_all=\u00a0\u00bb4px\u00a0\u00bb border_radii=\u00a0\u00bbon|4px|4px|4px|4px\u00a0\u00bb custom_padding=\u00a0\u00bb20px|20px|20px|20px|true|true\u00a0\u00bb custom_margin=\u00a0\u00bb0px||||false|false\u00a0\u00bb hover_enabled=\u00a0\u00bb0&Prime; text_font_size=\u00a0\u00bb16px\u00a0\u00bb box_shadow_style=\u00a0\u00bbpreset3&Prime; animation_style=\u00a0\u00bbslide\u00a0\u00bb]\n<p style=\"padding-bottom: 50px;\">Tarif pour 10 \u00e0 12 personnes<\/p>\n<p><span style=\"color: #ffcc00; font-size: 75px;\">2200\u20ac<\/span><br \/>\npar semaine<\/p>\n<p style=\"text-align: left; padding-bottom: 0px;\"><strong>D\u00e9tails :<\/strong><\/p>\n<ul>\n<li style=\"text-align: left; padding-top: 0px;\">180\u20ac par personne suppl\u00e9mentaire<\/li>\n<li style=\"text-align: left; padding-top: 0px;\">20 personnes maximum (plus sur demande)<\/li>\n<\/ul>\n[\/et_pb_text][\/et_pb_column][et_pb_column _builder_version=\u00a0\u00bb4.4.1&Prime; type=\u00a0\u00bb1_3&Prime;][et_pb_text _builder_version=\u00a0\u00bb4.4.1&Prime; text_orientation=\u00a0\u00bbcenter\u00a0\u00bb hover_enabled=\u00a0\u00bb0&Prime; custom_margin=\u00a0\u00bb||30px||false|false\u00a0\u00bb admin_label=\u00a0\u00bbJUILLET\u00a0\u00bb header_2_font_size=\u00a0\u00bb45px\u00a0\u00bb height=\u00a0\u00bb50px\u00a0\u00bb]\n<h2 style=\"line-height: 10px;\">AO\u00dbT<\/h2>\n[\/et_pb_text][et_pb_text _builder_version=\u00a0\u00bb4.4.1&Prime; text_orientation=\u00a0\u00bbcenter\u00a0\u00bb border_color_all=\u00a0\u00bb#262626&Prime; border_width_all=\u00a0\u00bb4px\u00a0\u00bb border_radii=\u00a0\u00bbon|4px|4px|4px|4px\u00a0\u00bb custom_padding=\u00a0\u00bb20px|20px|20px|20px|true|true\u00a0\u00bb custom_margin=\u00a0\u00bb0px||||false|false\u00a0\u00bb hover_enabled=\u00a0\u00bb0&Prime; text_font_size=\u00a0\u00bb16px\u00a0\u00bb box_shadow_style=\u00a0\u00bbpreset3&Prime; animation_style=\u00a0\u00bbslide\u00a0\u00bb]\n<p style=\"padding-bottom: 50px;\">Tarif pour 10 \u00e0 12 personnes<\/p>\n<p><span style=\"color: #ffcc00; font-size: 75px;\">2400\u20ac<\/span><br \/>\npar semaine<\/p>\n<p style=\"text-align: left; padding-bottom: 0px;\"><strong>D\u00e9tails :<\/strong><\/p>\n<ul>\n<li style=\"text-align: left; padding-top: 0px;\">180\u20ac par personne suppl\u00e9mentaire<\/li>\n<li style=\"text-align: left; padding-top: 0px;\">20 personnes maximum (plus sur demande)<\/li>\n<\/ul>\n[\/et_pb_text][\/et_pb_column][\/et_pb_row][et_pb_row _builder_version=\u00a0\u00bb4.4.1&Prime; custom_margin=\u00a0\u00bb-55px|auto||auto||\u00a0\u00bb custom_padding=\u00a0\u00bb|||0px||\u00a0\u00bb][et_pb_column type=\u00a0\u00bb4_4&Prime; _builder_version=\u00a0\u00bb4.4.1&Prime;][et_pb_text _builder_version=\u00a0\u00bb4.4.1&Prime; text_font=\u00a0\u00bbRaleway||||||||\u00a0\u00bb text_orientation=\u00a0\u00bbcenter\u00a0\u00bb custom_margin_tablet=\u00a0\u00bb\u00a0\u00bb custom_margin_phone=\u00a0\u00bb\u00a0\u00bb custom_margin_last_edited=\u00a0\u00bbon|desktop\u00a0\u00bb custom_padding=\u00a0\u00bb|||120px|false|false\u00a0\u00bb custom_padding_tablet=\u00a0\u00bb\u00a0\u00bb custom_padding_phone=\u00a0\u00bb|||0px|false|false\u00a0\u00bb custom_padding_last_edited=\u00a0\u00bbon|desktop\u00a0\u00bb]\n<p style=\"text-align: justify;\"><span style=\"font-size: large;\"><strong>Ouvert toute l&rsquo;ann\u00e9e<\/strong>, nous contactez pour les mois non-affich\u00e9 !\u00a0<u><\/u><\/span><\/p>\n<p style=\"text-align: justify;\"><span style=\"font-size: large;\"><strong><u>LES TARIFS SONT TOUT INCLUS ET DRAPS COMPRIS HORS FORFAIT M\u00c9NAGE<\/u><\/strong><\/span><\/p>\n<p style=\"text-align: justify;\"><span style=\"font-size: large;\"><strong>&#8211; LE FORFAIT M\u00c9NAGE<\/strong> EST <strong>OBLIGATOIRE<\/strong> MALGR\u00c9 UNE MAISON RENDU EN \u00c9TAT\u00a0FORFAIT ENTRE 150\u20ac ET 200\u20ac SUIVANT \u00c9TAT<\/span><\/p>\n<p style=\"text-align: justify;\"><span style=\"font-size: large;\">&#8211; CAUTION : UN CH\u00c8QUE DE 500\u20ac A L&rsquo;ARRIV\u00c9E NON ENCAISS\u00c9 IL SERA RENDU A VOTRE D\u00c9PART, APR\u00c8S \u00c9TAT DES LIEUX<\/span><\/p>\n<p style=\"text-align: justify;\"><span style=\"font-size: large;\">&#8211; 1 CH\u00c8QUE DE 200\u20ac GARANTI M\u00c9NAGE QUI VOUS SERA RENDU OU D\u00c9TRUIT EN VISIO DANS LA SEMAINE<\/span><\/p>\n<p style=\"text-align: justify;\"><span style=\"font-size: large;\"><strong>village calme et tranquille<\/strong>\u00a0<\/span><\/p>\n<p style=\"text-align: justify;\"><span style=\"font-size: large;\"><strong>&#8211; Enfant de moins de 3 ans &#8211; Gratuit<\/strong><\/span><\/p>\n<div style=\"text-align: left;\"><span style=\"text-decoration: underline; font-size: x-large; color: #e02b20;\"><strong>groupe de jeunes trop f\u00eatard et beuverie non admis.<\/strong><\/span><\/div>\n[\/et_pb_text][\/et_pb_column][\/et_pb_row][\/et_pb_section][et_pb_section fb_built=\u00a0\u00bb1&Prime; fullwidth=\u00a0\u00bbon\u00a0\u00bb _builder_version=\u00a0\u00bb4.4.1&Prime;][et_pb_fullwidth_image src=\u00a0\u00bbhttp:\/\/www.labastidedesruffes.fr\/wp-content\/uploads\/2015\/06\/DSC00316.jpg\u00a0\u00bb _builder_version=\u00a0\u00bb4.4.1&Prime;][\/et_pb_fullwidth_image][\/et_pb_section]\n","protected":false},"excerpt":{"rendered":"<p>[et_pb_section fb_built=\u00a0\u00bb1&Prime; fullwidth=\u00a0\u00bbon\u00a0\u00bb _builder_version=\u00a0\u00bb4.4.1&Prime;][et_pb_fullwidth_image src=\u00a0\u00bbhttp:\/\/www.labastidedesruffes.fr\/wp-content\/uploads\/2020\/07\/viaduc_millau_presentation-1.png\u00a0\u00bb _builder_version=\u00a0\u00bb4.4.1&Prime;][\/et_pb_fullwidth_image][\/et_pb_section][et_pb_section fb_built=\u00a0\u00bb1&Prime; admin_label=\u00a0\u00bbsection\u00a0\u00bb _builder_version=\u00a0\u00bb3.22&Prime; custom_margin=\u00a0\u00bb||-3px|||\u00a0\u00bb custom_padding=\u00a0\u00bb0px|||||\u00a0\u00bb][et_pb_row _builder_version=\u00a0\u00bb4.4.1&Prime; column_structure=\u00a0\u00bb1_3,1_3,1_3&Prime; width=\u00a0\u00bb80%\u00a0\u00bb hover_enabled=\u00a0\u00bb0&Prime; custom_margin=\u00a0\u00bb50px||||false|false\u00a0\u00bb][et_pb_column _builder_version=\u00a0\u00bb4.4.1&Prime; type=\u00a0\u00bb1_3&Prime;][et_pb_text _builder_version=\u00a0\u00bb4.4.1&Prime; text_orientation=\u00a0\u00bbcenter\u00a0\u00bb hover_enabled=\u00a0\u00bb0&Prime; custom_margin=\u00a0\u00bb||30px||false|false\u00a0\u00bb admin_label=\u00a0\u00bbWEEK-END\u00a0\u00bb header_2_font_size=\u00a0\u00bb45px\u00a0\u00bb height=\u00a0\u00bb50px\u00a0\u00bb] WEEK-END hors juillet\/ao\u00fbt [\/et_pb_text][et_pb_text _builder_version=\u00a0\u00bb4.4.1&Prime; text_orientation=\u00a0\u00bbcenter\u00a0\u00bb border_color_all=\u00a0\u00bb#262626&Prime; border_width_all=\u00a0\u00bb4px\u00a0\u00bb border_radii=\u00a0\u00bbon|4px|4px|4px|4px\u00a0\u00bb custom_padding=\u00a0\u00bb20px|20px|20px|20px|true|true\u00a0\u00bb custom_margin=\u00a0\u00bb0px||||false|false\u00a0\u00bb hover_enabled=\u00a0\u00bb0&Prime; text_font_size=\u00a0\u00bb16px\u00a0\u00bb box_shadow_style=\u00a0\u00bbpreset3&Prime; animation_style=\u00a0\u00bbslide\u00a0\u00bb] Tarif pour 1 personne 35\u20ac \/nuit soit 70\u20ac le week-end D\u00e9tails : De 14 \u00e0 [&hellip;]<\/p>\n","protected":false},"author":1,"featured_media":0,"parent":0,"menu_order":3,"comment_status":"closed","ping_status":"open","template":"","meta":{"_et_pb_use_builder":"on","_et_pb_old_content":"<a href=\"http:\/\/www.labastidedesruffes.fr\/index.php\/tarifs\/\"><img class=\"aligncenter wp-image-147 size-full\" src=\"http:\/\/www.labastidedesruffes.fr\/wp-content\/uploads\/2015\/04\/tarifs3.jpg\" alt=\"tarifs\" width=\"1171\" height=\"330\" \/><\/a>","_et_gb_content_width":"","footnotes":""},"acf":[],"yoast_head":"<!-- This site is optimized with the Yoast SEO plugin v21.5 - https:\/\/yoast.com\/wordpress\/plugins\/seo\/ -->\n<title>Tarifs - La bastide des ruffes<\/title>\n<meta name=\"robots\" content=\"index, follow, max-snippet:-1, max-image-preview:large, max-video-preview:-1\" \/>\n<link rel=\"canonical\" href=\"https:\/\/www.labastidedesruffes.fr\/index.php\/tarifs\/\" \/>\n<meta property=\"og:locale\" content=\"fr_FR\" \/>\n<meta property=\"og:type\" content=\"article\" \/>\n<meta property=\"og:title\" content=\"Tarifs - La bastide des ruffes\" \/>\n<meta property=\"og:description\" content=\"[et_pb_section fb_built=\u00a0\u00bb1&Prime; fullwidth=\u00a0\u00bbon\u00a0\u00bb _builder_version=\u00a0\u00bb4.4.1&Prime;][et_pb_fullwidth_image src=\u00a0\u00bbhttp:\/\/www.labastidedesruffes.fr\/wp-content\/uploads\/2020\/07\/viaduc_millau_presentation-1.png\u00a0\u00bb _builder_version=\u00a0\u00bb4.4.1&Prime;][\/et_pb_fullwidth_image][\/et_pb_section][et_pb_section fb_built=\u00a0\u00bb1&Prime; admin_label=\u00a0\u00bbsection\u00a0\u00bb _builder_version=\u00a0\u00bb3.22&Prime; custom_margin=\u00a0\u00bb||-3px|||\u00a0\u00bb custom_padding=\u00a0\u00bb0px|||||\u00a0\u00bb][et_pb_row _builder_version=\u00a0\u00bb4.4.1&Prime; column_structure=\u00a0\u00bb1_3,1_3,1_3&Prime; width=\u00a0\u00bb80%\u00a0\u00bb hover_enabled=\u00a0\u00bb0&Prime; custom_margin=\u00a0\u00bb50px||||false|false\u00a0\u00bb][et_pb_column _builder_version=\u00a0\u00bb4.4.1&Prime; type=\u00a0\u00bb1_3&Prime;][et_pb_text _builder_version=\u00a0\u00bb4.4.1&Prime; text_orientation=\u00a0\u00bbcenter\u00a0\u00bb hover_enabled=\u00a0\u00bb0&Prime; custom_margin=\u00a0\u00bb||30px||false|false\u00a0\u00bb admin_label=\u00a0\u00bbWEEK-END\u00a0\u00bb header_2_font_size=\u00a0\u00bb45px\u00a0\u00bb height=\u00a0\u00bb50px\u00a0\u00bb] WEEK-END hors juillet\/ao\u00fbt [\/et_pb_text][et_pb_text _builder_version=\u00a0\u00bb4.4.1&Prime; text_orientation=\u00a0\u00bbcenter\u00a0\u00bb border_color_all=\u00a0\u00bb#262626&Prime; border_width_all=\u00a0\u00bb4px\u00a0\u00bb border_radii=\u00a0\u00bbon|4px|4px|4px|4px\u00a0\u00bb custom_padding=\u00a0\u00bb20px|20px|20px|20px|true|true\u00a0\u00bb custom_margin=\u00a0\u00bb0px||||false|false\u00a0\u00bb hover_enabled=\u00a0\u00bb0&Prime; text_font_size=\u00a0\u00bb16px\u00a0\u00bb box_shadow_style=\u00a0\u00bbpreset3&Prime; animation_style=\u00a0\u00bbslide\u00a0\u00bb] Tarif pour 1 personne 35\u20ac \/nuit soit 70\u20ac le week-end D\u00e9tails : De 14 \u00e0 [&hellip;]\" \/>\n<meta property=\"og:url\" content=\"https:\/\/www.labastidedesruffes.fr\/index.php\/tarifs\/\" \/>\n<meta property=\"og:site_name\" content=\"La bastide des ruffes\" \/>\n<meta property=\"article:modified_time\" content=\"2025-02-19T10:38:32+00:00\" \/>\n<meta name=\"twitter:card\" content=\"summary_large_image\" \/>\n<meta name=\"twitter:label1\" content=\"Dur\u00e9e de lecture estim\u00e9e\" \/>\n\t<meta name=\"twitter:data1\" content=\"2 minutes\" \/>\n<script type=\"application\/ld+json\" class=\"yoast-schema-graph\">{\"@context\":\"https:\/\/schema.org\",\"@graph\":[{\"@type\":\"WebPage\",\"@id\":\"https:\/\/www.labastidedesruffes.fr\/index.php\/tarifs\/\",\"url\":\"https:\/\/www.labastidedesruffes.fr\/index.php\/tarifs\/\",\"name\":\"Tarifs - La bastide des ruffes\",\"isPartOf\":{\"@id\":\"https:\/\/www.labastidedesruffes.fr\/#website\"},\"datePublished\":\"2015-04-29T16:16:35+00:00\",\"dateModified\":\"2025-02-19T10:38:32+00:00\",\"breadcrumb\":{\"@id\":\"https:\/\/www.labastidedesruffes.fr\/index.php\/tarifs\/#breadcrumb\"},\"inLanguage\":\"fr-FR\",\"potentialAction\":[{\"@type\":\"ReadAction\",\"target\":[\"https:\/\/www.labastidedesruffes.fr\/index.php\/tarifs\/\"]}]},{\"@type\":\"BreadcrumbList\",\"@id\":\"https:\/\/www.labastidedesruffes.fr\/index.php\/tarifs\/#breadcrumb\",\"itemListElement\":[{\"@type\":\"ListItem\",\"position\":1,\"name\":\"Accueil\",\"item\":\"https:\/\/www.labastidedesruffes.fr\/\"},{\"@type\":\"ListItem\",\"position\":2,\"name\":\"Tarifs\"}]},{\"@type\":\"WebSite\",\"@id\":\"https:\/\/www.labastidedesruffes.fr\/#website\",\"url\":\"https:\/\/www.labastidedesruffes.fr\/\",\"name\":\"La bastide des ruffes\",\"description\":\"\",\"publisher\":{\"@id\":\"https:\/\/www.labastidedesruffes.fr\/#organization\"},\"potentialAction\":[{\"@type\":\"SearchAction\",\"target\":{\"@type\":\"EntryPoint\",\"urlTemplate\":\"https:\/\/www.labastidedesruffes.fr\/?s={search_term_string}\"},\"query-input\":\"required name=search_term_string\"}],\"inLanguage\":\"fr-FR\"},{\"@type\":\"Organization\",\"@id\":\"https:\/\/www.labastidedesruffes.fr\/#organization\",\"name\":\"La bastides des ruffes\",\"url\":\"https:\/\/www.labastidedesruffes.fr\/\",\"logo\":{\"@type\":\"ImageObject\",\"inLanguage\":\"fr-FR\",\"@id\":\"https:\/\/www.labastidedesruffes.fr\/#\/schema\/logo\/image\/\",\"url\":\"https:\/\/www.labastidedesruffes.fr\/wp-content\/uploads\/2020\/06\/Sans-titre-1.png\",\"contentUrl\":\"https:\/\/www.labastidedesruffes.fr\/wp-content\/uploads\/2020\/06\/Sans-titre-1.png\",\"width\":500,\"height\":500,\"caption\":\"La bastides des ruffes\"},\"image\":{\"@id\":\"https:\/\/www.labastidedesruffes.fr\/#\/schema\/logo\/image\/\"}}]}<\/script>\n<!-- \/ Yoast SEO plugin. -->","yoast_head_json":{"title":"Tarifs - La bastide des ruffes","robots":{"index":"index","follow":"follow","max-snippet":"max-snippet:-1","max-image-preview":"max-image-preview:large","max-video-preview":"max-video-preview:-1"},"canonical":"https:\/\/www.labastidedesruffes.fr\/index.php\/tarifs\/","og_locale":"fr_FR","og_type":"article","og_title":"Tarifs - La bastide des ruffes","og_description":"[et_pb_section fb_built=\u00a0\u00bb1&Prime; fullwidth=\u00a0\u00bbon\u00a0\u00bb _builder_version=\u00a0\u00bb4.4.1&Prime;][et_pb_fullwidth_image src=\u00a0\u00bbhttp:\/\/www.labastidedesruffes.fr\/wp-content\/uploads\/2020\/07\/viaduc_millau_presentation-1.png\u00a0\u00bb _builder_version=\u00a0\u00bb4.4.1&Prime;][\/et_pb_fullwidth_image][\/et_pb_section][et_pb_section fb_built=\u00a0\u00bb1&Prime; admin_label=\u00a0\u00bbsection\u00a0\u00bb _builder_version=\u00a0\u00bb3.22&Prime; custom_margin=\u00a0\u00bb||-3px|||\u00a0\u00bb custom_padding=\u00a0\u00bb0px|||||\u00a0\u00bb][et_pb_row _builder_version=\u00a0\u00bb4.4.1&Prime; column_structure=\u00a0\u00bb1_3,1_3,1_3&Prime; width=\u00a0\u00bb80%\u00a0\u00bb hover_enabled=\u00a0\u00bb0&Prime; custom_margin=\u00a0\u00bb50px||||false|false\u00a0\u00bb][et_pb_column _builder_version=\u00a0\u00bb4.4.1&Prime; type=\u00a0\u00bb1_3&Prime;][et_pb_text _builder_version=\u00a0\u00bb4.4.1&Prime; text_orientation=\u00a0\u00bbcenter\u00a0\u00bb hover_enabled=\u00a0\u00bb0&Prime; custom_margin=\u00a0\u00bb||30px||false|false\u00a0\u00bb admin_label=\u00a0\u00bbWEEK-END\u00a0\u00bb header_2_font_size=\u00a0\u00bb45px\u00a0\u00bb height=\u00a0\u00bb50px\u00a0\u00bb] WEEK-END hors juillet\/ao\u00fbt [\/et_pb_text][et_pb_text _builder_version=\u00a0\u00bb4.4.1&Prime; text_orientation=\u00a0\u00bbcenter\u00a0\u00bb border_color_all=\u00a0\u00bb#262626&Prime; border_width_all=\u00a0\u00bb4px\u00a0\u00bb border_radii=\u00a0\u00bbon|4px|4px|4px|4px\u00a0\u00bb custom_padding=\u00a0\u00bb20px|20px|20px|20px|true|true\u00a0\u00bb custom_margin=\u00a0\u00bb0px||||false|false\u00a0\u00bb hover_enabled=\u00a0\u00bb0&Prime; text_font_size=\u00a0\u00bb16px\u00a0\u00bb box_shadow_style=\u00a0\u00bbpreset3&Prime; animation_style=\u00a0\u00bbslide\u00a0\u00bb] Tarif pour 1 personne 35\u20ac \/nuit soit 70\u20ac le week-end D\u00e9tails : De 14 \u00e0 [&hellip;]","og_url":"https:\/\/www.labastidedesruffes.fr\/index.php\/tarifs\/","og_site_name":"La bastide des ruffes","article_modified_time":"2025-02-19T10:38:32+00:00","twitter_card":"summary_large_image","twitter_misc":{"Dur\u00e9e de lecture estim\u00e9e":"2 minutes"},"schema":{"@context":"https:\/\/schema.org","@graph":[{"@type":"WebPage","@id":"https:\/\/www.labastidedesruffes.fr\/index.php\/tarifs\/","url":"https:\/\/www.labastidedesruffes.fr\/index.php\/tarifs\/","name":"Tarifs - La bastide des ruffes","isPartOf":{"@id":"https:\/\/www.labastidedesruffes.fr\/#website"},"datePublished":"2015-04-29T16:16:35+00:00","dateModified":"2025-02-19T10:38:32+00:00","breadcrumb":{"@id":"https:\/\/www.labastidedesruffes.fr\/index.php\/tarifs\/#breadcrumb"},"inLanguage":"fr-FR","potentialAction":[{"@type":"ReadAction","target":["https:\/\/www.labastidedesruffes.fr\/index.php\/tarifs\/"]}]},{"@type":"BreadcrumbList","@id":"https:\/\/www.labastidedesruffes.fr\/index.php\/tarifs\/#breadcrumb","itemListElement":[{"@type":"ListItem","position":1,"name":"Accueil","item":"https:\/\/www.labastidedesruffes.fr\/"},{"@type":"ListItem","position":2,"name":"Tarifs"}]},{"@type":"WebSite","@id":"https:\/\/www.labastidedesruffes.fr\/#website","url":"https:\/\/www.labastidedesruffes.fr\/","name":"La bastide des ruffes","description":"","publisher":{"@id":"https:\/\/www.labastidedesruffes.fr\/#organization"},"potentialAction":[{"@type":"SearchAction","target":{"@type":"EntryPoint","urlTemplate":"https:\/\/www.labastidedesruffes.fr\/?s={search_term_string}"},"query-input":"required name=search_term_string"}],"inLanguage":"fr-FR"},{"@type":"Organization","@id":"https:\/\/www.labastidedesruffes.fr\/#organization","name":"La bastides des ruffes","url":"https:\/\/www.labastidedesruffes.fr\/","logo":{"@type":"ImageObject","inLanguage":"fr-FR","@id":"https:\/\/www.labastidedesruffes.fr\/#\/schema\/logo\/image\/","url":"https:\/\/www.labastidedesruffes.fr\/wp-content\/uploads\/2020\/06\/Sans-titre-1.png","contentUrl":"https:\/\/www.labastidedesruffes.fr\/wp-content\/uploads\/2020\/06\/Sans-titre-1.png","width":500,"height":500,"caption":"La bastides des ruffes"},"image":{"@id":"https:\/\/www.labastidedesruffes.fr\/#\/schema\/logo\/image\/"}}]}},"_links":{"self":[{"href":"https:\/\/www.labastidedesruffes.fr\/index.php\/wp-json\/wp\/v2\/pages\/77"}],"collection":[{"href":"https:\/\/www.labastidedesruffes.fr\/index.php\/wp-json\/wp\/v2\/pages"}],"about":[{"href":"https:\/\/www.labastidedesruffes.fr\/index.php\/wp-json\/wp\/v2\/types\/page"}],"author":[{"embeddable":true,"href":"https:\/\/www.labastidedesruffes.fr\/index.php\/wp-json\/wp\/v2\/users\/1"}],"replies":[{"embeddable":true,"href":"https:\/\/www.labastidedesruffes.fr\/index.php\/wp-json\/wp\/v2\/comments?post=77"}],"version-history":[{"count":45,"href":"https:\/\/www.labastidedesruffes.fr\/index.php\/wp-json\/wp\/v2\/pages\/77\/revisions"}],"predecessor-version":[{"id":1253,"href":"https:\/\/www.labastidedesruffes.fr\/index.php\/wp-json\/wp\/v2\/pages\/77\/revisions\/1253"}],"wp:attachment":[{"href":"https:\/\/www.labastidedesruffes.fr\/index.php\/wp-json\/wp\/v2\/media?parent=77"}],"curies":[{"name":"wp","href":"https:\/\/api.w.org\/{rel}","templated":true}]}}